{"id":1941,"date":"2022-03-17T12:50:31","date_gmt":"2022-03-17T12:50:31","guid":{"rendered":"http:\/\/mangotreeipanema.com\/onde-estamos\/"},"modified":"2022-06-07T23:18:17","modified_gmt":"2022-06-07T23:18:17","slug":"onde-estamos","status":"publish","type":"page","link":"https:\/\/mangotreeipanema.com\/es\/onde-estamos\/","title":{"rendered":"Donde estamos"},"content":{"rendered":"<p>[et_pb_section fb_built=\u00bb1&#8243; _builder_version=\u00bb4.9.4&#8243; _module_preset=\u00bbdefault\u00bb use_background_color_gradient=\u00bbon\u00bb background_color_gradient_start=\u00bbrgba(0,0,0,0.32)\u00bb background_color_gradient_end=\u00bbrgba(0,0,0,0.32)\u00bb background_color_gradient_overlays_image=\u00bbon\u00bb background_image=\u00bbhttp:\/\/mangotreeipanema.com\/wp-content\/uploads\/2022\/02\/aquachara-457121-unsplash-min.jpg\u00bb][et_pb_row _builder_version=\u00bb4.9.4&#8243; _module_preset=\u00bbdefault\u00bb][et_pb_column type=\u00bb4_4&#8243; _builder_version=\u00bb4.9.4&#8243; _module_preset=\u00bbdefault\u00bb custom_padding=\u00bb150px||150px||true|false\u00bb custom_padding_tablet=\u00bb\u00bb custom_padding_phone=\u00bb\u00bb custom_padding_last_edited=\u00bbon|desktop\u00bb][et_pb_text _builder_version=\u00bb4.9.4&#8243; text_font=\u00bbMuli||||||||\u00bb text_font_size=\u00bb17px\u00bb text_line_height=\u00bb2em\u00bb header_font=\u00bb||||||||\u00bb header_2_font=\u00bbPattaya|300|||||||\u00bb header_2_text_align=\u00bbleft\u00bb header_2_text_color=\u00bb#FFFFFF\u00bb header_2_font_size=\u00bb64px\u00bb header_2_line_height=\u00bb1.3em\u00bb header_3_font=\u00bbMontserrat|600|||||||\u00bb header_3_font_size=\u00bb70px\u00bb header_3_line_height=\u00bb1.2em\u00bb width=\u00bb80%\u00bb width_tablet=\u00bb80%\u00bb width_phone=\u00bb\u00bb width_last_edited=\u00bbon|desktop\u00bb max_width=\u00bb600px\u00bb max_width_tablet=\u00bb1600px\u00bb max_width_phone=\u00bb\u00bb max_width_last_edited=\u00bbon|desktop\u00bb module_alignment=\u00bbleft\u00bb custom_margin=\u00bb|||0px|false|false\u00bb custom_margin_tablet=\u00bb0px|||0px|false|false\u00bb custom_margin_phone=\u00bb|||0%|false|false\u00bb custom_margin_last_edited=\u00bbon|desktop\u00bb header_text_align_tablet=\u00bbcenter\u00bb header_text_align_phone=\u00bb\u00bb header_text_align_last_edited=\u00bbon|tablet\u00bb header_2_text_align_tablet=\u00bbcenter\u00bb header_2_text_align_phone=\u00bb\u00bb header_2_text_align_last_edited=\u00bbon|tablet\u00bb header_2_font_size_tablet=\u00bb\u00bb header_2_font_size_phone=\u00bb30px\u00bb header_2_font_size_last_edited=\u00bbon|desktop\u00bb header_3_font_size_tablet=\u00bb50px\u00bb header_3_font_size_phone=\u00bb30px\u00bb header_3_font_size_last_edited=\u00bbon|phone\u00bb module_alignment_tablet=\u00bbcenter\u00bb module_alignment_phone=\u00bb\u00bb module_alignment_last_edited=\u00bbon|tablet\u00bb locked=\u00bboff\u00bb]<\/p>\n<h2>Donde estamos<\/h2>\n<p>[\/et_pb_text][\/et_pb_column][\/et_pb_row][\/et_pb_section][et_pb_section fb_built=\u00bb1&#8243; _builder_version=\u00bb4.9.4&#8243; _module_preset=\u00bbdefault\u00bb][et_pb_row custom_padding_last_edited=\u00bbon|phone\u00bb _builder_version=\u00bb4.9.4&#8243; _module_preset=\u00bbdefault\u00bb custom_padding_tablet=\u00bb\u00bb custom_padding_phone=\u00bb0px||0px||false|false\u00bb][et_pb_column type=\u00bb4_4&#8243; _builder_version=\u00bb4.9.4&#8243; _module_preset=\u00bbdefault\u00bb][et_pb_text _builder_version=\u00bb4.9.4&#8243; _module_preset=\u00bb32021f09-dd67-47fb-8f9a-832b72a38baf\u00bb text_font=\u00bbQuicksand|600|||||||\u00bb text_text_color=\u00bb#545454&#8243; text_font_size=\u00bb18px\u00bb text_line_height=\u00bb1.8em\u00bb header_text_color=\u00bb#000000&#8243; header_2_font=\u00bb|600|||||||\u00bb header_2_text_color=\u00bb#231f20&#8243; header_2_font_size=\u00bb40px\u00bb header_2_letter_spacing=\u00bb-1px\u00bb width_tablet=\u00bb80%\u00bb width_phone=\u00bb100%\u00bb width_last_edited=\u00bbon|tablet\u00bb max_width_tablet=\u00bb\u00bb max_width_phone=\u00bb100%\u00bb max_width_last_edited=\u00bbon|phone\u00bb custom_margin=\u00bb||||false|false\u00bb custom_margin_tablet=\u00bb|0%||0%|false|false\u00bb custom_margin_phone=\u00bb|0%||0%|false|false\u00bb custom_margin_last_edited=\u00bboff|desktop\u00bb custom_padding=\u00bb50px||50px||true|false\u00bb custom_padding_tablet=\u00bb||50px||false|false\u00bb custom_padding_phone=\u00bb0px||0px||false|false\u00bb custom_padding_last_edited=\u00bbon|phone\u00bb text_font_size_tablet=\u00bb\u00bb text_font_size_phone=\u00bb16px\u00bb text_font_size_last_edited=\u00bbon|phone\u00bb header_2_font_size_tablet=\u00bb32px\u00bb header_2_font_size_phone=\u00bb20px\u00bb header_2_font_size_last_edited=\u00bbon|phone\u00bb text_orientation_tablet=\u00bbcenter\u00bb text_orientation_phone=\u00bbcenter\u00bb text_orientation_last_edited=\u00bbon|tablet\u00bb module_alignment_tablet=\u00bbcenter\u00bb module_alignment_phone=\u00bb\u00bb module_alignment_last_edited=\u00bbon|tablet\u00bb locked=\u00bboff\u00bb global_colors_info=\u00bb{}\u00bb]<\/p>\n<p>Mango Tree Ipanema est\u00e1 a una cuadra de la playa de Ipanema, a 80 metros de la torre Posto 9 en Rua Prudente de Morais 594, a 400 metros de la estaci\u00f3n de metro Nossa Senhora da Paz, a 13 km de la estaci\u00f3n de autobuses Novo Rio y del aeropuerto Santos Dumont y a 25 km del aeropuerto internacional Tom Jobim aeropuerto.<\/p>\n<p>[\/et_pb_text][\/et_pb_column][\/et_pb_row][\/et_pb_section][et_pb_section fb_built=\u00bb1&#8243; admin_label=\u00bbFAQ\u00bb _builder_version=\u00bb4.12.0&#8243; _module_preset=\u00bbdefault\u00bb background_color=\u00bb#E9ECEB\u00bb global_colors_info=\u00bb{}\u00bb][et_pb_row column_structure=\u00bb1_2,1_2&#8243; custom_padding_last_edited=\u00bbon|phone\u00bb _builder_version=\u00bb4.9.4&#8243; _module_preset=\u00bbdefault\u00bb custom_padding_tablet=\u00bb\u00bb custom_padding_phone=\u00bb0px||||false|false\u00bb global_colors_info=\u00bb{}\u00bb][et_pb_column type=\u00bb1_2&#8243; _builder_version=\u00bb4.12.0&#8243; _module_preset=\u00bbdefault\u00bb global_colors_info=\u00bb{}\u00bb][et_pb_text _builder_version=\u00bb4.9.4&#8243; text_font=\u00bbMuli||||||||\u00bb text_font_size=\u00bb17px\u00bb text_line_height=\u00bb2em\u00bb header_font=\u00bb||||||||\u00bb header_2_font=\u00bbPattaya|300|||||||\u00bb header_2_text_align=\u00bbleft\u00bb header_2_text_color=\u00bb#3ab54b\u00bb header_2_font_size=\u00bb42px\u00bb header_2_line_height=\u00bb1.3em\u00bb header_3_font=\u00bbMontserrat|600|||||||\u00bb header_3_font_size=\u00bb70px\u00bb header_3_line_height=\u00bb1.2em\u00bb width=\u00bb80%\u00bb width_tablet=\u00bb80%\u00bb width_phone=\u00bb\u00bb width_last_edited=\u00bbon|desktop\u00bb max_width=\u00bb600px\u00bb max_width_tablet=\u00bb1600px\u00bb max_width_phone=\u00bb\u00bb max_width_last_edited=\u00bbon|desktop\u00bb module_alignment=\u00bbleft\u00bb custom_margin=\u00bb|||0px|false|false\u00bb custom_margin_tablet=\u00bb0px|||0px|false|false\u00bb custom_margin_phone=\u00bb|||0%|false|false\u00bb custom_margin_last_edited=\u00bbon|desktop\u00bb header_text_align_tablet=\u00bbcenter\u00bb header_text_align_phone=\u00bb\u00bb header_text_align_last_edited=\u00bbon|tablet\u00bb header_2_text_align_tablet=\u00bbcenter\u00bb header_2_text_align_phone=\u00bb\u00bb header_2_text_align_last_edited=\u00bbon|tablet\u00bb header_2_font_size_tablet=\u00bb\u00bb header_2_font_size_phone=\u00bb30px\u00bb header_2_font_size_last_edited=\u00bbon|desktop\u00bb header_3_font_size_tablet=\u00bb50px\u00bb header_3_font_size_phone=\u00bb30px\u00bb header_3_font_size_last_edited=\u00bbon|phone\u00bb module_alignment_tablet=\u00bbcenter\u00bb module_alignment_phone=\u00bb\u00bb module_alignment_last_edited=\u00bbon|tablet\u00bb locked=\u00bboff\u00bb]<\/p>\n<h2>Como llegar<\/h2>\n<p>[\/et_pb_text][et_pb_button button_text=\u00bbReserve agora\u00bb button_alignment=\u00bbleft\u00bb button_alignment_tablet=\u00bbcenter\u00bb button_alignment_phone=\u00bb\u00bb button_alignment_last_edited=\u00bbon|desktop\u00bb _builder_version=\u00bb4.9.4&#8243; _module_preset=\u00bbfd4cbe8d-44bb-4497-977d-4a9151abc25c\u00bb custom_button=\u00bbon\u00bb button_text_size=\u00bb18px\u00bb button_text_color=\u00bb#39b54a\u00bb button_bg_color=\u00bbRGBA(0,0,0,0)\u00bb button_border_width=\u00bb1px\u00bb button_border_color=\u00bb#39b54a\u00bb button_border_radius=\u00bb0px\u00bb button_letter_spacing=\u00bb4px\u00bb button_font=\u00bbQuicksand|600|||||||\u00bb button_icon=\u00bb%%3%%\u00bb custom_padding=\u00bb18px|30px|18px|30px|true|true\u00bb custom_padding_tablet=\u00bb16px|20px|16px|20px|true|true\u00bb custom_padding_phone=\u00bb13px|18px|13px|18px|true|true\u00bb custom_padding_last_edited=\u00bbon|phone\u00bb button_text_size_tablet=\u00bb\u00bb button_text_size_phone=\u00bb12px\u00bb button_text_size_last_edited=\u00bbon|phone\u00bb locked=\u00bboff\u00bb global_colors_info=\u00bb{}\u00bb button_bg_color__hover=\u00bb#231f20&#8243; button_bg_color__hover_enabled=\u00bboff|hover\u00bb button_bg_enable_color__hover=\u00bbon\u00bb button_border_color__hover_enabled=\u00bbon|hover\u00bb button_border_color__hover=\u00bb#000000&#8243; button_text_color__hover_enabled=\u00bbon|hover\u00bb button_text_color__hover=\u00bb#000000&#8243;][\/et_pb_button][et_pb_image src=\u00bbhttp:\/\/mangotreeipanema.com\/wp-content\/uploads\/2022\/03\/onde-estamos-image-2-min.jpg\u00bb title_text=\u00bbdonde-estamos\u00bb disabled_on=\u00bbon|on|off\u00bb _builder_version=\u00bb4.9.4&#8243; _module_preset=\u00bbdefault\u00bb width=\u00bb100%\u00bb max_width=\u00bb950px\u00bb custom_padding=\u00bb20px||||false|false\u00bb][\/et_pb_image][\/et_pb_column][et_pb_column type=\u00bb1_2&#8243; _builder_version=\u00bb4.12.0&#8243; _module_preset=\u00bbdefault\u00bb global_colors_info=\u00bb{}\u00bb][et_pb_accordion open_toggle_background_color=\u00bbRGBA(0,0,0,0)\u00bb closed_toggle_background_color=\u00bbRGBA(0,0,0,0)\u00bb icon_color=\u00bb#28292D\u00bb _builder_version=\u00bb4.9.4&#8243; _module_preset=\u00bbdefault\u00bb toggle_text_color=\u00bb#000000&#8243; toggle_level=\u00bbh4&#8243; toggle_font=\u00bbUrbanist|700|||||||\u00bb toggle_font_size=\u00bb24px\u00bb toggle_line_height=\u00bb1.3em\u00bb body_font_size=\u00bb18px\u00bb body_line_height=\u00bb1.8em\u00bb hover_enabled=\u00bb0&#8243; toggle_font_size_tablet=\u00bb20px\u00bb toggle_font_size_phone=\u00bb16px\u00bb toggle_font_size_last_edited=\u00bbon|phone\u00bb body_font_size_tablet=\u00bb15px\u00bb body_font_size_phone=\u00bb14px\u00bb body_font_size_last_edited=\u00bbon|phone\u00bb border_color_all=\u00bbRGBA(0,0,0,0)\u00bb box_shadow_style=\u00bbpreset4&#8243; box_shadow_horizontal=\u00bb0px\u00bb box_shadow_vertical=\u00bb2px\u00bb box_shadow_color=\u00bb#28292D\u00bb global_colors_info=\u00bb{}\u00bb sticky_enabled=\u00bb0&#8243;][et_pb_accordion_item title=\u00bbDe la playa\u00bb open=\u00bbon\u00bb _builder_version=\u00bb4.9.4&#8243; _module_preset=\u00bbdefault\u00bb body_font=\u00bbQuicksand|600|||||||\u00bb body_line_height=\u00bb1.6em\u00bb custom_padding=\u00bb|||0px|false|false\u00bb hover_enabled=\u00bb0&#8243; global_colors_info=\u00bb{}\u00bb toggle_font=\u00bbQuicksand|600|||||||\u00bb sticky_enabled=\u00bb0&#8243;]<\/p>\n<p>Vaya a la esquina de Rua Vinicius de Moraes y Av. Vieira Souto, camine una cuadra hasta la Rua Prudente de Moraes, donde se encuentra el restaurante Garota de Ipanema. Gire a la derecha y camine 50 metros por Prudente de Moraes hacia Copacabana \/ Arpoador (contra el flujo de autom\u00f3viles). Estamos a la izquierda, en el n\u00famero 594.<\/p>\n<p>[\/et_pb_accordion_item][et_pb_accordion_item title=\u00bbMetro\u00bb _builder_version=\u00bb4.9.4&#8243; _module_preset=\u00bbdefault\u00bb body_font=\u00bbQuicksand|600|||||||\u00bb body_line_height=\u00bb1.6em\u00bb custom_padding=\u00bb|||0px|false|false\u00bb global_colors_info=\u00bb{}\u00bb toggle_font=\u00bbQuicksand|600|||||||\u00bb open=\u00bboff\u00bb]<\/p>\n<p>B\u00e1jese en la estaci\u00f3n de metro Nossa Senhora da Paz, en la Plaza Nossa Senhora da Paz, camine 220 metros por la Rua Visconde de Piraj\u00e1 hacia Copacabana \/ Arpoador (a favor del flujo de autom\u00f3viles), gire a la derecha en Rua Vinicius de Moraes, camine una cuadra a Rua Prudente de Moraes, donde se encuentra el restaurante Garota de Ipanema. Gire a la izquierda y camine 50 metros por la calle Prudente de Moraes hacia Copacabana \/ Arpoador (contra el flujo de autom\u00f3viles). Estamos a la izquierda, en el n\u00famero 594.<\/p>\n<p>[\/et_pb_accordion_item][et_pb_accordion_item title=\u00bbDesde la estaci\u00f3n de autobuses de Novo Rio\u00bb _builder_version=\u00bb4.9.4&#8243; _module_preset=\u00bbdefault\u00bb body_font=\u00bbQuicksand|600|||||||\u00bb body_line_height=\u00bb1.6em\u00bb custom_padding=\u00bb|||0px|false|false\u00bb global_colors_info=\u00bb{}\u00bb toggle_font=\u00bbQuicksand|600|||||||\u00bb open=\u00bboff\u00bb]<\/p>\n<p>Tome un taxi hasta el metro y siga las instrucciones para llegar a trav\u00e9s del metro o tome un autob\u00fas hasta el lugar. Para l\u00edneas de autob\u00fas,<\/p>\n<p><span style=\"font-size: large;\"><strong><a href=\"https:\/\/www.rome2rio.com\/pt\/map\/Rodovi%C3%A1ria-Novo-Rio\/R-Prudente-de-Morais-594-Ipanema-Rio-de-Janeiro-RJ-22420-040-Brasil\" target=\"_blank\" rel=\"noopener\"><span style=\"color: #3ab54b;\"> Haga clic aqu\u00ed<\/span><\/a><\/strong><\/span><\/p>\n<p>[\/et_pb_accordion_item][et_pb_accordion_item title=\u00bbDesde el Aeropuerto Santos Dumont\u00bb _builder_version=\u00bb4.9.4&#8243; _module_preset=\u00bbdefault\u00bb body_font=\u00bbQuicksand|600|||||||\u00bb body_line_height=\u00bb1.6em\u00bb custom_padding=\u00bb|||0px|false|false\u00bb global_colors_info=\u00bb{}\u00bb toggle_font=\u00bbQuicksand|600|||||||\u00bb open=\u00bboff\u00bb]<\/p>\n<p>Tome un taxi hasta el metro y siga las instrucciones para llegar a trav\u00e9s del metro o tome un autob\u00fas hasta el lugar. Para l\u00edneas de autob\u00fas,<\/p>\n<p><span style=\"font-size: large;\"><strong><a href=\"https:\/\/www.rome2rio.com\/pt\/map\/Aeroporto-Rio-De-Janeiro-Santos-Dumont-SDU\/R-Prudente-de-Morais-594-Ipanema-Rio-de-Janeiro-RJ-22420-040-Brasil\" target=\"_blank\" rel=\"noopener\"><span style=\"color: #3ab54b;\">Haga clic aqu\u00ed<\/span><\/a><\/strong><\/span><\/p>\n<p>[\/et_pb_accordion_item][et_pb_accordion_item title=\u00bbDesde el Aeropuerto Internacional Tom Jobim\u00bb _builder_version=\u00bb4.9.4&#8243; _module_preset=\u00bbdefault\u00bb body_font=\u00bbQuicksand|600|||||||\u00bb body_line_height=\u00bb1.6em\u00bb custom_padding=\u00bb|||0px|false|false\u00bb global_colors_info=\u00bb{}\u00bb toggle_font=\u00bbQuicksand|600|||||||\u00bb open=\u00bboff\u00bb]<\/p>\n<p>Consulta las mejores opciones para llegar<\/p>\n<p><span style=\"font-size: large;\"><strong><a href=\"https:\/\/www.rome2rio.com\/pt\/map\/Aeroporto-Internacional-Tom-Jobim-Terminal-2\/R-Prudente-de-Morais-594-Ipanema-Rio-de-Janeiro-RJ-22420-040-Brasil\" target=\"_blank\" rel=\"noopener\"><span style=\"color: #3ab54b;\">Haga clic aqu\u00ed<\/span><\/a><\/strong><\/span><span style=\"font-size: large;\"><strong><span style=\"color: #3ab54b;\"><\/span><\/strong><\/span><\/p>\n<p>Encuentra la mejor manera de llegar a tu ubicaci\u00f3n<\/p>\n<p><span style=\"font-size: large;\"><strong><a href=\"https:\/\/www.google.com.br\/maps\/dir\/\/Mango+Tree+Hostel+Ipanema+-+Rua+Prudente+de+Morais+-+Ipanema,+Rio+de+Janeiro+-+State+of+Rio+de+Janeiro\/@-22.9851505,-43.2374047,13z\/data=!3m1!4b1!4m8!4m7!1m0!1m5!1m1!1s0x9bd51aea2a38f3:0xa769af3b3ca1a87f!2m2!1d-43.2023819!2d-22.9852664\" target=\"_blank\" rel=\"noopener\"><span style=\"color: #3ab54b;\">Haga clic aqu\u00ed<\/span><\/a><\/strong><\/span><\/p>\n<p>[\/et_pb_accordion_item][\/et_pb_accordion][\/et_pb_column][\/et_pb_row][\/et_pb_section][et_pb_section fb_built=\u00bb1&#8243; _builder_version=\u00bb4.9.4&#8243; _module_preset=\u00bbdefault\u00bb background_color=\u00bb#e9eceb\u00bb hover_enabled=\u00bb0&#8243; sticky_enabled=\u00bb0&#8243;][et_pb_row _builder_version=\u00bb4.9.4&#8243; _module_preset=\u00bbdefault\u00bb][et_pb_column _builder_version=\u00bb4.9.4&#8243; _module_preset=\u00bbdefault\u00bb type=\u00bb4_4&#8243;][et_pb_text _builder_version=\u00bb4.9.4&#8243; text_font=\u00bbMuli||||||||\u00bb text_font_size=\u00bb17px\u00bb text_line_height=\u00bb2em\u00bb header_font=\u00bb||||||||\u00bb header_2_font=\u00bbPattaya|300|||||||\u00bb header_2_text_align=\u00bbleft\u00bb header_2_text_color=\u00bb#3ab54b\u00bb header_2_font_size=\u00bb42px\u00bb header_2_line_height=\u00bb1.3em\u00bb header_3_font=\u00bbMontserrat|600|||||||\u00bb header_3_font_size=\u00bb70px\u00bb header_3_line_height=\u00bb1.2em\u00bb width=\u00bb80%\u00bb width_tablet=\u00bb80%\u00bb width_phone=\u00bb\u00bb width_last_edited=\u00bbon|desktop\u00bb max_width=\u00bb600px\u00bb max_width_tablet=\u00bb1600px\u00bb max_width_phone=\u00bb\u00bb max_width_last_edited=\u00bbon|desktop\u00bb module_alignment=\u00bbleft\u00bb custom_margin=\u00bb|||0px|false|false\u00bb custom_margin_tablet=\u00bb0px|||0px|false|false\u00bb custom_margin_phone=\u00bb|||0%|false|false\u00bb custom_margin_last_edited=\u00bbon|desktop\u00bb hover_enabled=\u00bb0&#8243; header_text_align_tablet=\u00bbcenter\u00bb header_text_align_phone=\u00bb\u00bb header_text_align_last_edited=\u00bbon|tablet\u00bb header_2_text_align_tablet=\u00bbcenter\u00bb header_2_text_align_phone=\u00bb\u00bb header_2_text_align_last_edited=\u00bbon|tablet\u00bb header_2_font_size_tablet=\u00bb\u00bb header_2_font_size_phone=\u00bb30px\u00bb header_2_font_size_last_edited=\u00bbon|desktop\u00bb header_3_font_size_tablet=\u00bb50px\u00bb header_3_font_size_phone=\u00bb30px\u00bb header_3_font_size_last_edited=\u00bbon|phone\u00bb module_alignment_tablet=\u00bbcenter\u00bb module_alignment_phone=\u00bb\u00bb module_alignment_last_edited=\u00bbon|tablet\u00bb locked=\u00bboff\u00bb sticky_enabled=\u00bb0&#8243;]<\/p>\n<h2>Mapa ilustrado de Ipanema<\/h2>\n<p>[\/et_pb_text][\/et_pb_column][\/et_pb_row][et_pb_row _builder_version=\u00bb4.9.4&#8243; _module_preset=\u00bbdefault\u00bb][et_pb_column _builder_version=\u00bb4.9.4&#8243; _module_preset=\u00bbdefault\u00bb type=\u00bb4_4&#8243;][et_pb_image src=\u00bbhttp:\/\/mangotreeipanema.com\/wp-content\/uploads\/2022\/04\/Mapa-Ilustrado-Mango.jpg\u00bb _builder_version=\u00bb4.9.4&#8243; _module_preset=\u00bbdefault\u00bb title_text=\u00bbMapa ilustrado de mango\u00bb hover_enabled=\u00bb0&#8243; sticky_enabled=\u00bb0&#8243;][\/et_pb_image][\/et_pb_column][\/et_pb_row][et_pb_row _builder_version=\u00bb4.9.4&#8243; _module_preset=\u00bbdefault\u00bb][et_pb_column _builder_version=\u00bb4.9.4&#8243; _module_preset=\u00bbdefault\u00bb type=\u00bb4_4&#8243;][et_pb_button button_text=\u00bbDescargar Mapa\u00bb button_alignment=\u00bbcenter\u00bb button_alignment_tablet=\u00bbcenter\u00bb button_alignment_last_edited=\u00bboff|desktop\u00bb _builder_version=\u00bb4.9.4&#8243; _module_preset=\u00bbfd4cbe8d-44bb-4497-977d-4a9151abc25c\u00bb custom_button=\u00bbon\u00bb button_text_size=\u00bb18px\u00bb button_text_color=\u00bb#39b54a\u00bb button_bg_color=\u00bbRGBA(0,0,0,0)\u00bb button_border_width=\u00bb1px\u00bb button_border_color=\u00bb#39b54a\u00bb button_border_radius=\u00bb0px\u00bb button_letter_spacing=\u00bb4px\u00bb button_font=\u00bbQuicksand|600|||||||\u00bb button_icon=\u00bb%%3%%\u00bb custom_padding=\u00bb18px|30px|18px|30px|true|true\u00bb custom_padding_tablet=\u00bb16px|20px|16px|20px|true|true\u00bb custom_padding_phone=\u00bb13px|18px|13px|18px|true|true\u00bb custom_padding_last_edited=\u00bbon|phone\u00bb hover_enabled=\u00bb0&#8243; button_text_size_tablet=\u00bb\u00bb button_text_size_phone=\u00bb12px\u00bb button_text_size_last_edited=\u00bbon|phone\u00bb locked=\u00bboff\u00bb global_colors_info=\u00bb{}\u00bb button_bg_color__hover=\u00bb#231f20&#8243; button_bg_color__hover_enabled=\u00bboff|hover\u00bb button_bg_enable_color__hover=\u00bbon\u00bb button_border_color__hover_enabled=\u00bbon|hover\u00bb button_border_color__hover=\u00bb#000000&#8243; button_text_color__hover_enabled=\u00bbon|hover\u00bb button_text_color__hover=\u00bb#000000&#8243; sticky_enabled=\u00bb0&#8243; button_url=\u00bbhttp:\/\/mangotreeipanema.com\/wp-content\/uploads\/2022\/04\/Mapa-Ilustrado-Mango.pdf\u00bb url_new_window=\u00bbon\u00bb][\/et_pb_button][\/et_pb_column][\/et_pb_row][\/et_pb_section]<\/p>\n","protected":false},"excerpt":{"rendered":"<p>Donde estamosMango Tree Ipanema est\u00e1 a una cuadra de la playa de Ipanema, a 80 metros de la torre Posto 9 en Rua Prudente de Morais 594, a 400 metros de la estaci\u00f3n de metro Nossa Senhora da Paz, a 13 km de la estaci\u00f3n de autobuses Novo Rio y del aeropuerto Santos Dumont y [&hellip;]<\/p>\n","protected":false},"author":1,"featured_media":0,"parent":0,"menu_order":0,"comment_status":"closed","ping_status":"closed","template":"","meta":{"_acf_changed":false,"_et_pb_use_builder":"on","_et_pb_old_content":"","_et_gb_content_width":"","_joinchat":[],"footnotes":""},"class_list":["post-1941","page","type-page","status-publish","hentry"],"acf":[],"yoast_head":"<!-- This site is optimized with the Yoast SEO plugin v27.3 - https:\/\/yoast.com\/product\/yoast-seo-wordpress\/ -->\n<title>Donde estamos - Mango Tree Hotel<\/title>\n<meta name=\"robots\" content=\"index, follow, max-snippet:-1, max-image-preview:large, max-video-preview:-1\" \/>\n<link rel=\"canonical\" href=\"https:\/\/mangotreeipanema.com\/es\/onde-estamos\/\" \/>\n<meta property=\"og:locale\" content=\"es_ES\" \/>\n<meta property=\"og:type\" content=\"article\" \/>\n<meta property=\"og:title\" content=\"Donde estamos - Mango Tree Hotel\" \/>\n<meta property=\"og:description\" content=\"Donde estamosMango Tree Ipanema est\u00e1 a una cuadra de la playa de Ipanema, a 80 metros de la torre Posto 9 en Rua Prudente de Morais 594, a 400 metros de la estaci\u00f3n de metro Nossa Senhora da Paz, a 13 km de la estaci\u00f3n de autobuses Novo Rio y del aeropuerto Santos Dumont y [&hellip;]\" \/>\n<meta property=\"og:url\" content=\"https:\/\/mangotreeipanema.com\/es\/onde-estamos\/\" \/>\n<meta property=\"og:site_name\" content=\"Mango Tree Hotel\" \/>\n<meta property=\"article:modified_time\" content=\"2022-06-07T23:18:17+00:00\" \/>\n<meta name=\"twitter:card\" content=\"summary_large_image\" \/>\n<meta name=\"twitter:label1\" content=\"Tiempo de lectura\" \/>\n\t<meta name=\"twitter:data1\" content=\"10 minutos\" \/>\n<script type=\"application\/ld+json\" class=\"yoast-schema-graph\">{\"@context\":\"https:\\\/\\\/schema.org\",\"@graph\":[{\"@type\":\"WebPage\",\"@id\":\"https:\\\/\\\/mangotreeipanema.com\\\/es\\\/onde-estamos\\\/\",\"url\":\"https:\\\/\\\/mangotreeipanema.com\\\/es\\\/onde-estamos\\\/\",\"name\":\"Donde estamos - Mango Tree Hotel\",\"isPartOf\":{\"@id\":\"https:\\\/\\\/mangotreeipanema.com\\\/#website\"},\"datePublished\":\"2022-03-17T12:50:31+00:00\",\"dateModified\":\"2022-06-07T23:18:17+00:00\",\"breadcrumb\":{\"@id\":\"https:\\\/\\\/mangotreeipanema.com\\\/es\\\/onde-estamos\\\/#breadcrumb\"},\"inLanguage\":\"es\",\"potentialAction\":[{\"@type\":\"ReadAction\",\"target\":[\"https:\\\/\\\/mangotreeipanema.com\\\/es\\\/onde-estamos\\\/\"]}]},{\"@type\":\"BreadcrumbList\",\"@id\":\"https:\\\/\\\/mangotreeipanema.com\\\/es\\\/onde-estamos\\\/#breadcrumb\",\"itemListElement\":[{\"@type\":\"ListItem\",\"position\":1,\"name\":\"In\u00edcio\",\"item\":\"https:\\\/\\\/mangotreeipanema.com\\\/es\\\/\"},{\"@type\":\"ListItem\",\"position\":2,\"name\":\"Donde estamos\"}]},{\"@type\":\"WebSite\",\"@id\":\"https:\\\/\\\/mangotreeipanema.com\\\/#website\",\"url\":\"https:\\\/\\\/mangotreeipanema.com\\\/\",\"name\":\"Mango Tree Hotel\",\"description\":\"Mango Tree Hotel\",\"potentialAction\":[{\"@type\":\"SearchAction\",\"target\":{\"@type\":\"EntryPoint\",\"urlTemplate\":\"https:\\\/\\\/mangotreeipanema.com\\\/?s={search_term_string}\"},\"query-input\":{\"@type\":\"PropertyValueSpecification\",\"valueRequired\":true,\"valueName\":\"search_term_string\"}}],\"inLanguage\":\"es\"}]}<\/script>\n<!-- \/ Yoast SEO plugin. -->","yoast_head_json":{"title":"Donde estamos - Mango Tree Hotel","robots":{"index":"index","follow":"follow","max-snippet":"max-snippet:-1","max-image-preview":"max-image-preview:large","max-video-preview":"max-video-preview:-1"},"canonical":"https:\/\/mangotreeipanema.com\/es\/onde-estamos\/","og_locale":"es_ES","og_type":"article","og_title":"Donde estamos - Mango Tree Hotel","og_description":"Donde estamosMango Tree Ipanema est\u00e1 a una cuadra de la playa de Ipanema, a 80 metros de la torre Posto 9 en Rua Prudente de Morais 594, a 400 metros de la estaci\u00f3n de metro Nossa Senhora da Paz, a 13 km de la estaci\u00f3n de autobuses Novo Rio y del aeropuerto Santos Dumont y [&hellip;]","og_url":"https:\/\/mangotreeipanema.com\/es\/onde-estamos\/","og_site_name":"Mango Tree Hotel","article_modified_time":"2022-06-07T23:18:17+00:00","twitter_card":"summary_large_image","twitter_misc":{"Tiempo de lectura":"10 minutos"},"schema":{"@context":"https:\/\/schema.org","@graph":[{"@type":"WebPage","@id":"https:\/\/mangotreeipanema.com\/es\/onde-estamos\/","url":"https:\/\/mangotreeipanema.com\/es\/onde-estamos\/","name":"Donde estamos - Mango Tree Hotel","isPartOf":{"@id":"https:\/\/mangotreeipanema.com\/#website"},"datePublished":"2022-03-17T12:50:31+00:00","dateModified":"2022-06-07T23:18:17+00:00","breadcrumb":{"@id":"https:\/\/mangotreeipanema.com\/es\/onde-estamos\/#breadcrumb"},"inLanguage":"es","potentialAction":[{"@type":"ReadAction","target":["https:\/\/mangotreeipanema.com\/es\/onde-estamos\/"]}]},{"@type":"BreadcrumbList","@id":"https:\/\/mangotreeipanema.com\/es\/onde-estamos\/#breadcrumb","itemListElement":[{"@type":"ListItem","position":1,"name":"In\u00edcio","item":"https:\/\/mangotreeipanema.com\/es\/"},{"@type":"ListItem","position":2,"name":"Donde estamos"}]},{"@type":"WebSite","@id":"https:\/\/mangotreeipanema.com\/#website","url":"https:\/\/mangotreeipanema.com\/","name":"Mango Tree Hotel","description":"Mango Tree Hotel","potentialAction":[{"@type":"SearchAction","target":{"@type":"EntryPoint","urlTemplate":"https:\/\/mangotreeipanema.com\/?s={search_term_string}"},"query-input":{"@type":"PropertyValueSpecification","valueRequired":true,"valueName":"search_term_string"}}],"inLanguage":"es"}]}},"_links":{"self":[{"href":"https:\/\/mangotreeipanema.com\/es\/wp-json\/wp\/v2\/pages\/1941","targetHints":{"allow":["GET"]}}],"collection":[{"href":"https:\/\/mangotreeipanema.com\/es\/wp-json\/wp\/v2\/pages"}],"about":[{"href":"https:\/\/mangotreeipanema.com\/es\/wp-json\/wp\/v2\/types\/page"}],"author":[{"embeddable":true,"href":"https:\/\/mangotreeipanema.com\/es\/wp-json\/wp\/v2\/users\/1"}],"replies":[{"embeddable":true,"href":"https:\/\/mangotreeipanema.com\/es\/wp-json\/wp\/v2\/comments?post=1941"}],"version-history":[{"count":4,"href":"https:\/\/mangotreeipanema.com\/es\/wp-json\/wp\/v2\/pages\/1941\/revisions"}],"predecessor-version":[{"id":2122,"href":"https:\/\/mangotreeipanema.com\/es\/wp-json\/wp\/v2\/pages\/1941\/revisions\/2122"}],"wp:attachment":[{"href":"https:\/\/mangotreeipanema.com\/es\/wp-json\/wp\/v2\/media?parent=1941"}],"curies":[{"name":"wp","href":"https:\/\/api.w.org\/{rel}","templated":true}]}}